{"id":76,"date":"2026-01-10T11:44:00","date_gmt":"2026-01-10T11:44:00","guid":{"rendered":"https:\/\/www.delvaux-paints.com\/accueil-2\/"},"modified":"2026-03-21T21:46:26","modified_gmt":"2026-03-21T20:46:26","slug":"accueil","status":"publish","type":"page","link":"https:\/\/www.delvaux-paints.com\/en\/accueil\/","title":{"rendered":"Home"},"content":{"rendered":"<div data-elementor-type=\"wp-page\" data-elementor-id=\"76\" class=\"elementor elementor-76\">\n\t\t\t\t<div class=\"elementor-element elementor-element-2844388 e-flex e-con-boxed e-con e-parent\" data-id=\"2844388\" data-element_type=\"container\" data-e-type=\"container\">\n\t\t\t\t\t<div class=\"e-con-inner\">\n\t\t<div class=\"elementor-element elementor-element-ae87cd4 e-con-full e-flex e-con e-child\" data-id=\"ae87cd4\" data-element_type=\"container\" data-e-type=\"container\">\n\t\t\t\t<div class=\"elementor-element elementor-element-8d7f155 elementor-widget elementor-widget-image\" data-id=\"8d7f155\" data-element_type=\"widget\" data-e-type=\"widget\" data-widget_type=\"image.default\">\n\t\t\t\t\t\t\t\t\t\t\t\t\t\t\t<img fetchpriority=\"high\" decoding=\"async\" width=\"1440\" height=\"2560\" src=\"https:\/\/www.delvaux-paints.com\/wp-content\/uploads\/2026\/01\/IMG_3520-1-scaled.jpg\" class=\"attachment-full size-full wp-image-213\" alt=\"\" srcset=\"https:\/\/www.delvaux-paints.com\/wp-content\/uploads\/2026\/01\/IMG_3520-1-scaled.jpg 1440w, https:\/\/www.delvaux-paints.com\/wp-content\/uploads\/2026\/01\/IMG_3520-1-169x300.jpg 169w, https:\/\/www.delvaux-paints.com\/wp-content\/uploads\/2026\/01\/IMG_3520-1-576x1024.jpg 576w, https:\/\/www.delvaux-paints.com\/wp-content\/uploads\/2026\/01\/IMG_3520-1-768x1365.jpg 768w, https:\/\/www.delvaux-paints.com\/wp-content\/uploads\/2026\/01\/IMG_3520-1-864x1536.jpg 864w, https:\/\/www.delvaux-paints.com\/wp-content\/uploads\/2026\/01\/IMG_3520-1-1152x2048.jpg 1152w\" sizes=\"(max-width: 1440px) 100vw, 1440px\" \/>\t\t\t\t\t\t\t\t\t\t\t\t\t\t\t<\/div>\n\t\t\t\t<\/div>\n\t\t<div class=\"elementor-element elementor-element-c644b6a e-con-full e-grid e-con e-child\" data-id=\"c644b6a\" data-element_type=\"container\" data-e-type=\"container\">\n\t\t\t\t<div class=\"elementor-element elementor-element-fd8365d elementor-widget elementor-widget-heading\" data-id=\"fd8365d\" data-element_type=\"widget\" data-e-type=\"widget\" data-widget_type=\"heading.default\">\n\t\t\t\t\t<h2 class=\"elementor-heading-title elementor-size-default\">Discover the vibrant world of colour and matter.<\/h2>\t\t\t\t<\/div>\n\t\t\t\t<div class=\"elementor-element elementor-element-18e1fdd elementor-widget elementor-widget-heading\" data-id=\"18e1fdd\" data-element_type=\"widget\" data-e-type=\"widget\" data-widget_type=\"heading.default\">\n\t\t\t\t\t<h2 class=\"elementor-heading-title elementor-size-default\">\nColour doesn't illustrate, it imposes itself here. Each work is the fruit of meticulous research, reflecting my emotions and my connection with the environment.<\/h2>\t\t\t\t<\/div>\n\t\t\t\t<\/div>\n\t\t\t\t\t<\/div>\n\t\t\t\t<\/div>\n\t\t<div class=\"elementor-element elementor-element-5a37ff3 e-flex e-con-boxed e-con e-parent\" data-id=\"5a37ff3\" data-element_type=\"container\" data-e-type=\"container\" data-settings=\"{&quot;background_background&quot;:&quot;classic&quot;}\">\n\t\t\t\t\t<div class=\"e-con-inner\">\n\t\t<div class=\"elementor-element elementor-element-2a004e6 e-con-full e-flex e-con e-child\" data-id=\"2a004e6\" data-element_type=\"container\" data-e-type=\"container\">\n\t\t\t\t<div class=\"elementor-element elementor-element-8d9b1be elementor-widget elementor-widget-heading\" data-id=\"8d9b1be\" data-element_type=\"widget\" data-e-type=\"widget\" data-widget_type=\"heading.default\">\n\t\t\t\t\t<h2 class=\"elementor-heading-title elementor-size-default\">Paintings where each colour tells its own powerful story<\/h2>\t\t\t\t<\/div>\n\t\t\t\t<div class=\"elementor-element elementor-element-1389c79 elementor-widget elementor-widget-text-editor\" data-id=\"1389c79\" data-element_type=\"widget\" data-e-type=\"widget\" data-widget_type=\"text-editor.default\">\n\t\t\t\t\t\t\t\t\t<p>Welcome to an artistic world, where colour and material intertwine to tell stories. My ambition is to create pieces that touch the heart and soul of those who contemplate them.<\/p>\t\t\t\t\t\t\t\t<\/div>\n\t\t\t\t<div class=\"elementor-element elementor-element-8f9b2e2 elementor-icon-list--layout-traditional elementor-list-item-link-full_width elementor-widget elementor-widget-icon-list\" data-id=\"8f9b2e2\" data-element_type=\"widget\" data-e-type=\"widget\" data-widget_type=\"icon-list.default\">\n\t\t\t\t\t\t\t<ul class=\"elementor-icon-list-items\">\n\t\t\t\t\t\t\t<li class=\"elementor-icon-list-item\">\n\t\t\t\t\t\t\t\t\t\t\t<span class=\"elementor-icon-list-icon\">\n\t\t\t\t\t\t\t<svg aria-hidden=\"true\" class=\"e-font-icon-svg e-fas-circle\" viewbox=\"0 0 512 512\" xmlns=\"http:\/\/www.w3.org\/2000\/svg\"><path d=\"M256 8C119 8 8 119 8 256s111 248 248 248 248-111 248-248S393 8 256 8z\"><\/path><\/svg>\t\t\t\t\t\t<\/span>\n\t\t\t\t\t\t\t\t\t\t<span class=\"elementor-icon-list-text\">Each painting is unique, an invitation to reflect.<\/span>\n\t\t\t\t\t\t\t\t\t<\/li>\n\t\t\t\t\t\t\t\t<li class=\"elementor-icon-list-item\">\n\t\t\t\t\t\t\t\t\t\t\t<span class=\"elementor-icon-list-icon\">\n\t\t\t\t\t\t\t<svg aria-hidden=\"true\" class=\"e-font-icon-svg e-fas-circle\" viewbox=\"0 0 512 512\" xmlns=\"http:\/\/www.w3.org\/2000\/svg\"><path d=\"M256 8C119 8 8 119 8 256s111 248 248 248 248-111 248-248S393 8 256 8z\"><\/path><\/svg>\t\t\t\t\t\t<\/span>\n\t\t\t\t\t\t\t\t\t\t<span class=\"elementor-icon-list-text\">I draw my inspiration from everyday emotions and landscapes.<\/span>\n\t\t\t\t\t\t\t\t\t<\/li>\n\t\t\t\t\t\t\t\t<li class=\"elementor-icon-list-item\">\n\t\t\t\t\t\t\t\t\t\t\t<span class=\"elementor-icon-list-icon\">\n\t\t\t\t\t\t\t<svg aria-hidden=\"true\" class=\"e-font-icon-svg e-fas-circle\" viewbox=\"0 0 512 512\" xmlns=\"http:\/\/www.w3.org\/2000\/svg\"><path d=\"M256 8C119 8 8 119 8 256s111 248 248 248 248-111 248-248S393 8 256 8z\"><\/path><\/svg>\t\t\t\t\t\t<\/span>\n\t\t\t\t\t\t\t\t\t\t<span class=\"elementor-icon-list-text\">My creations are accessible to everyone, so let's share them together.<\/span>\n\t\t\t\t\t\t\t\t\t<\/li>\n\t\t\t\t\t\t<\/ul>\n\t\t\t\t\t\t<\/div>\n\t\t\t\t<\/div>\n\t\t<div class=\"elementor-element elementor-element-a116eb2 e-con-full e-flex e-con e-child\" data-id=\"a116eb2\" data-element_type=\"container\" data-e-type=\"container\">\n\t\t\t\t<div class=\"elementor-element elementor-element-dc522ad elementor-widget elementor-widget-image\" data-id=\"dc522ad\" data-element_type=\"widget\" data-e-type=\"widget\" data-widget_type=\"image.default\">\n\t\t\t\t\t\t\t\t\t\t\t\t\t\t\t<img decoding=\"async\" width=\"1441\" height=\"2560\" src=\"https:\/\/www.delvaux-paints.com\/wp-content\/uploads\/2026\/01\/IMG_4235-scaled.jpeg\" class=\"attachment-full size-full wp-image-129\" alt=\"\" srcset=\"https:\/\/www.delvaux-paints.com\/wp-content\/uploads\/2026\/01\/IMG_4235-scaled.jpeg 1441w, https:\/\/www.delvaux-paints.com\/wp-content\/uploads\/2026\/01\/IMG_4235-169x300.jpeg 169w, https:\/\/www.delvaux-paints.com\/wp-content\/uploads\/2026\/01\/IMG_4235-576x1024.jpeg 576w, https:\/\/www.delvaux-paints.com\/wp-content\/uploads\/2026\/01\/IMG_4235-768x1364.jpeg 768w, https:\/\/www.delvaux-paints.com\/wp-content\/uploads\/2026\/01\/IMG_4235-865x1536.jpeg 865w, https:\/\/www.delvaux-paints.com\/wp-content\/uploads\/2026\/01\/IMG_4235-1153x2048.jpeg 1153w\" sizes=\"(max-width: 1441px) 100vw, 1441px\" \/>\t\t\t\t\t\t\t\t\t\t\t\t\t\t\t<\/div>\n\t\t\t\t<\/div>\n\t\t\t\t\t<\/div>\n\t\t\t\t<\/div>\n\t\t<div class=\"elementor-element elementor-element-e8a4dfd e-flex e-con-boxed e-con e-parent\" data-id=\"e8a4dfd\" data-element_type=\"container\" data-e-type=\"container\">\n\t\t\t\t\t<div class=\"e-con-inner\">\n\t\t\t\t<div class=\"elementor-element elementor-element-706012f elementor-widget elementor-widget-heading\" data-id=\"706012f\" data-element_type=\"widget\" data-e-type=\"widget\" data-widget_type=\"heading.default\">\n\t\t\t\t\t<h2 class=\"elementor-heading-title elementor-size-default\">Art Gallery<\/h2>\t\t\t\t<\/div>\n\t\t\t\t<div class=\"elementor-element elementor-element-52aef8a elementor-widget elementor-widget-heading\" data-id=\"52aef8a\" data-element_type=\"widget\" data-e-type=\"widget\" data-widget_type=\"heading.default\">\n\t\t\t\t\t<h5 class=\"elementor-heading-title elementor-size-default\">Discover a unique collection of works. Each image offers a captivating insight, inviting you to explore further.<\/h5>\t\t\t\t<\/div>\n\t\t<div class=\"elementor-element elementor-element-de12ba3 e-grid e-con-boxed e-con e-child\" data-id=\"de12ba3\" data-element_type=\"container\" data-e-type=\"container\">\n\t\t\t\t\t<div class=\"e-con-inner\">\n\t\t\t\t<div class=\"elementor-element elementor-element-e815ff0 elementor-widget elementor-widget-image\" data-id=\"e815ff0\" data-element_type=\"widget\" data-e-type=\"widget\" data-widget_type=\"image.default\">\n\t\t\t\t\t\t\t\t\t\t\t\t\t\t\t<img decoding=\"async\" width=\"1440\" height=\"2560\" src=\"https:\/\/www.delvaux-paints.com\/wp-content\/uploads\/2026\/01\/IMG_1505-scaled.jpg\" class=\"attachment-full size-full wp-image-150\" alt=\"\" srcset=\"https:\/\/www.delvaux-paints.com\/wp-content\/uploads\/2026\/01\/IMG_1505-scaled.jpg 1440w, https:\/\/www.delvaux-paints.com\/wp-content\/uploads\/2026\/01\/IMG_1505-169x300.jpg 169w, https:\/\/www.delvaux-paints.com\/wp-content\/uploads\/2026\/01\/IMG_1505-576x1024.jpg 576w, https:\/\/www.delvaux-paints.com\/wp-content\/uploads\/2026\/01\/IMG_1505-768x1366.jpg 768w, https:\/\/www.delvaux-paints.com\/wp-content\/uploads\/2026\/01\/IMG_1505-864x1536.jpg 864w, https:\/\/www.delvaux-paints.com\/wp-content\/uploads\/2026\/01\/IMG_1505-1152x2048.jpg 1152w\" sizes=\"(max-width: 1440px) 100vw, 1440px\" \/>\t\t\t\t\t\t\t\t\t\t\t\t\t\t\t<\/div>\n\t\t\t\t<div class=\"elementor-element elementor-element-970eb47 elementor-widget elementor-widget-image\" data-id=\"970eb47\" data-element_type=\"widget\" data-e-type=\"widget\" data-widget_type=\"image.default\">\n\t\t\t\t\t\t\t\t\t\t\t\t\t\t\t<img loading=\"lazy\" decoding=\"async\" width=\"1266\" height=\"2251\" src=\"https:\/\/www.delvaux-paints.com\/wp-content\/uploads\/2026\/01\/IMG_4361.jpg\" class=\"attachment-full size-full wp-image-174\" alt=\"\" srcset=\"https:\/\/www.delvaux-paints.com\/wp-content\/uploads\/2026\/01\/IMG_4361.jpg 1266w, https:\/\/www.delvaux-paints.com\/wp-content\/uploads\/2026\/01\/IMG_4361-169x300.jpg 169w, https:\/\/www.delvaux-paints.com\/wp-content\/uploads\/2026\/01\/IMG_4361-576x1024.jpg 576w, https:\/\/www.delvaux-paints.com\/wp-content\/uploads\/2026\/01\/IMG_4361-768x1366.jpg 768w, https:\/\/www.delvaux-paints.com\/wp-content\/uploads\/2026\/01\/IMG_4361-864x1536.jpg 864w, https:\/\/www.delvaux-paints.com\/wp-content\/uploads\/2026\/01\/IMG_4361-1152x2048.jpg 1152w\" sizes=\"(max-width: 1266px) 100vw, 1266px\" \/>\t\t\t\t\t\t\t\t\t\t\t\t\t\t\t<\/div>\n\t\t\t\t<div class=\"elementor-element elementor-element-472218a elementor-widget elementor-widget-image\" data-id=\"472218a\" data-element_type=\"widget\" data-e-type=\"widget\" data-widget_type=\"image.default\">\n\t\t\t\t\t\t\t\t\t\t\t\t\t\t\t<img loading=\"lazy\" decoding=\"async\" width=\"1125\" height=\"2001\" src=\"https:\/\/www.delvaux-paints.com\/wp-content\/uploads\/2026\/01\/IMG_07421.jpg\" class=\"attachment-full size-full wp-image-169\" alt=\"\" srcset=\"https:\/\/www.delvaux-paints.com\/wp-content\/uploads\/2026\/01\/IMG_07421.jpg 1125w, https:\/\/www.delvaux-paints.com\/wp-content\/uploads\/2026\/01\/IMG_07421-169x300.jpg 169w, https:\/\/www.delvaux-paints.com\/wp-content\/uploads\/2026\/01\/IMG_07421-576x1024.jpg 576w, https:\/\/www.delvaux-paints.com\/wp-content\/uploads\/2026\/01\/IMG_07421-768x1366.jpg 768w, https:\/\/www.delvaux-paints.com\/wp-content\/uploads\/2026\/01\/IMG_07421-864x1536.jpg 864w\" sizes=\"(max-width: 1125px) 100vw, 1125px\" \/>\t\t\t\t\t\t\t\t\t\t\t\t\t\t\t<\/div>\n\t\t\t\t<div class=\"elementor-element elementor-element-77428d8 elementor-widget elementor-widget-image\" data-id=\"77428d8\" data-element_type=\"widget\" data-e-type=\"widget\" data-widget_type=\"image.default\">\n\t\t\t\t\t\t\t\t\t\t\t\t\t\t\t<img loading=\"lazy\" decoding=\"async\" width=\"1103\" height=\"2002\" src=\"https:\/\/www.delvaux-paints.com\/wp-content\/uploads\/2026\/01\/thumbnail_IMG_0498.jpg\" class=\"attachment-full size-full wp-image-176\" alt=\"\" srcset=\"https:\/\/www.delvaux-paints.com\/wp-content\/uploads\/2026\/01\/thumbnail_IMG_0498.jpg 1103w, https:\/\/www.delvaux-paints.com\/wp-content\/uploads\/2026\/01\/thumbnail_IMG_0498-165x300.jpg 165w, https:\/\/www.delvaux-paints.com\/wp-content\/uploads\/2026\/01\/thumbnail_IMG_0498-564x1024.jpg 564w, https:\/\/www.delvaux-paints.com\/wp-content\/uploads\/2026\/01\/thumbnail_IMG_0498-768x1394.jpg 768w, https:\/\/www.delvaux-paints.com\/wp-content\/uploads\/2026\/01\/thumbnail_IMG_0498-846x1536.jpg 846w\" sizes=\"(max-width: 1103px) 100vw, 1103px\" \/>\t\t\t\t\t\t\t\t\t\t\t\t\t\t\t<\/div>\n\t\t\t\t<div class=\"elementor-element elementor-element-5edfa10 elementor-widget elementor-widget-image\" data-id=\"5edfa10\" data-element_type=\"widget\" data-e-type=\"widget\" data-widget_type=\"image.default\">\n\t\t\t\t\t\t\t\t\t\t\t\t\t\t\t<img loading=\"lazy\" decoding=\"async\" width=\"1920\" height=\"2560\" src=\"https:\/\/www.delvaux-paints.com\/wp-content\/uploads\/2026\/01\/IMG_3966-scaled.jpg\" class=\"attachment-full size-full wp-image-172\" alt=\"\" srcset=\"https:\/\/www.delvaux-paints.com\/wp-content\/uploads\/2026\/01\/IMG_3966-scaled.jpg 1920w, https:\/\/www.delvaux-paints.com\/wp-content\/uploads\/2026\/01\/IMG_3966-225x300.jpg 225w, https:\/\/www.delvaux-paints.com\/wp-content\/uploads\/2026\/01\/IMG_3966-768x1024.jpg 768w, https:\/\/www.delvaux-paints.com\/wp-content\/uploads\/2026\/01\/IMG_3966-1152x1536.jpg 1152w, https:\/\/www.delvaux-paints.com\/wp-content\/uploads\/2026\/01\/IMG_3966-1536x2048.jpg 1536w\" sizes=\"(max-width: 1920px) 100vw, 1920px\" \/>\t\t\t\t\t\t\t\t\t\t\t\t\t\t\t<\/div>\n\t\t\t\t<div class=\"elementor-element elementor-element-12cd8cb elementor-widget elementor-widget-image\" data-id=\"12cd8cb\" data-element_type=\"widget\" data-e-type=\"widget\" data-widget_type=\"image.default\">\n\t\t\t\t\t\t\t\t\t\t\t\t\t\t\t<img loading=\"lazy\" decoding=\"async\" width=\"1825\" height=\"2560\" src=\"https:\/\/www.delvaux-paints.com\/wp-content\/uploads\/2026\/01\/IMG_5113-scaled.jpg\" class=\"attachment-full size-full wp-image-171\" alt=\"\" srcset=\"https:\/\/www.delvaux-paints.com\/wp-content\/uploads\/2026\/01\/IMG_5113-scaled.jpg 1825w, https:\/\/www.delvaux-paints.com\/wp-content\/uploads\/2026\/01\/IMG_5113-214x300.jpg 214w, https:\/\/www.delvaux-paints.com\/wp-content\/uploads\/2026\/01\/IMG_5113-730x1024.jpg 730w, https:\/\/www.delvaux-paints.com\/wp-content\/uploads\/2026\/01\/IMG_5113-768x1077.jpg 768w, https:\/\/www.delvaux-paints.com\/wp-content\/uploads\/2026\/01\/IMG_5113-1095x1536.jpg 1095w, https:\/\/www.delvaux-paints.com\/wp-content\/uploads\/2026\/01\/IMG_5113-1460x2048.jpg 1460w\" sizes=\"(max-width: 1825px) 100vw, 1825px\" \/>\t\t\t\t\t\t\t\t\t\t\t\t\t\t\t<\/div>\n\t\t\t\t\t<\/div>\n\t\t\t\t<\/div>\n\t\t\t\t\t<\/div>\n\t\t\t\t<\/div>\n\t\t<div class=\"elementor-element elementor-element-0612aa4 e-flex e-con-boxed e-con e-parent\" data-id=\"0612aa4\" data-element_type=\"container\" data-e-type=\"container\" data-settings=\"{&quot;background_background&quot;:&quot;gradient&quot;}\">\n\t\t\t\t\t<div class=\"e-con-inner\">\n\t\t<div class=\"elementor-element elementor-element-e388d91 e-con-full e-flex e-con e-child\" data-id=\"e388d91\" data-element_type=\"container\" data-e-type=\"container\">\n\t\t\t\t<div class=\"elementor-element elementor-element-94d5dee elementor-widget elementor-widget-heading\" data-id=\"94d5dee\" data-element_type=\"widget\" data-e-type=\"widget\" data-widget_type=\"heading.default\">\n\t\t\t\t\t<h5 class=\"elementor-heading-title elementor-size-default\">Testimonials<\/h5>\t\t\t\t<\/div>\n\t\t\t\t<div class=\"elementor-element elementor-element-128812c elementor-widget elementor-widget-heading\" data-id=\"128812c\" data-element_type=\"widget\" data-e-type=\"widget\" data-widget_type=\"heading.default\">\n\t\t\t\t\t<h2 class=\"elementor-heading-title elementor-size-default\">What customers say:<\/h2>\t\t\t\t<\/div>\n\t\t\t\t<\/div>\n\t\t<div class=\"elementor-element elementor-element-bf42fc7 e-con-full e-flex e-con e-child\" data-id=\"bf42fc7\" data-element_type=\"container\" data-e-type=\"container\">\n\t\t<div class=\"elementor-element elementor-element-d19f26f e-con-full e-flex e-con e-child\" data-id=\"d19f26f\" data-element_type=\"container\" data-e-type=\"container\">\n\t\t\t\t<div class=\"elementor-element elementor-element-14a490f elementor--star-style-\u2b50\ufe0f\u2b50\ufe0f\u2b50\ufe0f\u2b50\ufe0f\u2b50\ufe0f elementor-star-rating--align-center elementor-widget elementor-widget-star-rating\" data-id=\"14a490f\" data-element_type=\"widget\" data-e-type=\"widget\" data-widget_type=\"star-rating.default\">\n\t\t\t\t\t\t\t<div class=\"elementor-star-rating__wrapper\">\n\t\t\t\t\t\t<div class=\"elementor-star-rating\" itemtype=\"http:\/\/schema.org\/Rating\" itemscope=\"\" itemprop=\"reviewRating\">\n\t\t\t\t<i class=\"elementor-star-full\" aria-hidden=\"true\">\ue934<\/i><i class=\"elementor-star-full\" aria-hidden=\"true\">\ue934<\/i><i class=\"elementor-star-full\" aria-hidden=\"true\">\ue934<\/i><i class=\"elementor-star-full\" aria-hidden=\"true\">\ue934<\/i><i class=\"elementor-star-full\" aria-hidden=\"true\">\ue934<\/i>\t\t\t\t<span itemprop=\"ratingValue\" class=\"elementor-screen-only\" data-no-translation=\"\" data-trp-gettext=\"\">Rated 5 out of 5<\/span>\n\t\t\t<\/div>\n\t\t<\/div>\n\t\t\t\t\t\t<\/div>\n\t\t\t\t<div class=\"elementor-element elementor-element-c4ce000 elementor-widget elementor-widget-testimonial\" data-id=\"c4ce000\" data-element_type=\"widget\" data-e-type=\"widget\" data-widget_type=\"testimonial.default\">\n\t\t\t\t\t\t\t<div class=\"elementor-testimonial-wrapper\">\n\t\t\t\t\t\t\t<div class=\"elementor-testimonial-content\">The experience with this artist has been incredible. His work adds a real touch of colour and elegance to my home.<\/div>\n\t\t\t\n\t\t\t\t\t\t<div class=\"elementor-testimonial-meta\">\n\t\t\t\t<div class=\"elementor-testimonial-meta-inner\">\n\t\t\t\t\t\n\t\t\t\t\t\t\t\t\t\t<div class=\"elementor-testimonial-details\">\n\t\t\t\t\t\t\t\t\t\t\t\t\t\t<div class=\"elementor-testimonial-name\">Marie Dupont<\/div>\n\t\t\t\t\t\t\t\t\t\t\t\t\t\t\t\t\t\t\t\t\t\t<div class=\"elementor-testimonial-job\">Graphic designer<\/div>\n\t\t\t\t\t\t\t\t\t\t\t\t\t<\/div>\n\t\t\t\t\t\t\t\t\t<\/div>\n\t\t\t<\/div>\n\t\t\t\t\t<\/div>\n\t\t\t\t\t\t<\/div>\n\t\t\t\t<\/div>\n\t\t\t\t<\/div>\n\t\t\t\t\t<\/div>\n\t\t\t\t<\/div>\n\t\t<div class=\"elementor-element elementor-element-de03d44 e-con-full e-flex e-con e-parent\" data-id=\"de03d44\" data-element_type=\"container\" data-e-type=\"container\" data-settings=\"{&quot;background_background&quot;:&quot;classic&quot;}\">\n\t\t<div class=\"elementor-element elementor-element-d01937b e-con-full e-flex e-con e-child\" data-id=\"d01937b\" data-element_type=\"container\" data-e-type=\"container\">\n\t\t\t\t<div class=\"elementor-element elementor-element-be6f041 elementor-widget elementor-widget-video\" data-id=\"be6f041\" data-element_type=\"widget\" data-e-type=\"widget\" data-settings=\"{&quot;video_type&quot;:&quot;hosted&quot;,&quot;controls&quot;:&quot;yes&quot;}\" data-widget_type=\"video.default\">\n\t\t\t\t\t\t\t<div class=\"e-hosted-video elementor-wrapper elementor-open-inline\">\n\t\t\t\t\t<video class=\"elementor-video\" src=\"http:\/\/www.delvaux-paints.com\/wp-content\/uploads\/2026\/01\/IMG_1339.mov\" controls=\"\" preload=\"metadata\" controlslist=\"nodownload\"><\/video>\n\t\t\t\t<\/div>\n\t\t\t\t\t\t<\/div>\n\t\t\t\t<\/div>\n\t\t<div class=\"elementor-element elementor-element-8c69c24 e-con-full e-flex e-con e-child\" data-id=\"8c69c24\" data-element_type=\"container\" data-e-type=\"container\" data-settings=\"{&quot;background_background&quot;:&quot;classic&quot;}\">\n\t\t\t\t<div class=\"elementor-element elementor-element-ca59447 elementor-widget__width-inherit elementor-widget elementor-widget-heading\" data-id=\"ca59447\" data-element_type=\"widget\" data-e-type=\"widget\" data-widget_type=\"heading.default\">\n\t\t\t\t\t<h2 class=\"elementor-heading-title elementor-size-default\">Contact me for your colour projects<\/h2>\t\t\t\t<\/div>\n\t\t\t\t<div class=\"elementor-element elementor-element-a7962cb elementor-widget__width-auto elementor-widget elementor-widget-button\" data-id=\"a7962cb\" data-element_type=\"widget\" data-e-type=\"widget\" data-widget_type=\"button.default\">\n\t\t\t\t\t\t\t\t\t\t<a class=\"elementor-button elementor-button-link elementor-size-sm\" href=\"#\" target=\"_blank\">\n\t\t\t\t\t\t<span class=\"elementor-button-content-wrapper\">\n\t\t\t\t\t\t\t\t\t<span class=\"elementor-button-text\">Write to<\/span>\n\t\t\t\t\t<\/span>\n\t\t\t\t\t<\/a>\n\t\t\t\t\t\t\t\t<\/div>\n\t\t\t\t<\/div>\n\t\t\t\t<\/div>\n\t\t<div class=\"elementor-element elementor-element-ede73f8 e-flex e-con-boxed e-con e-parent\" data-id=\"ede73f8\" data-element_type=\"container\" data-e-type=\"container\" data-settings=\"{&quot;background_background&quot;:&quot;gradient&quot;}\">\n\t\t\t\t\t<div class=\"e-con-inner\">\n\t\t<div class=\"elementor-element elementor-element-1f60ca9 e-con-full e-flex e-con e-child\" data-id=\"1f60ca9\" data-element_type=\"container\" data-e-type=\"container\">\n\t\t\t\t<div class=\"elementor-element elementor-element-f16bc20 elementor-widget elementor-widget-heading\" data-id=\"f16bc20\" data-element_type=\"widget\" data-e-type=\"widget\" data-widget_type=\"heading.default\">\n\t\t\t\t\t<h2 class=\"elementor-heading-title elementor-size-default\">Subscribe to our newsletter<\/h2>\t\t\t\t<\/div>\n\t\t\t\t<\/div>\n\t\t<div class=\"elementor-element elementor-element-8b7b58c e-con-full e-flex e-con e-child\" data-id=\"8b7b58c\" data-element_type=\"container\" data-e-type=\"container\">\n\t\t\t\t<div class=\"elementor-element elementor-element-6bf41c2 elementor-widget elementor-widget-text-editor\" data-id=\"6bf41c2\" data-element_type=\"widget\" data-e-type=\"widget\" data-widget_type=\"text-editor.default\">\n\t\t\t\t\t\t\t\t\t<p>Keep up to date with my latest creations and artistic news. Sign up and discover the vibrant world of my work, dedicated to colour and matter.<\/p>\t\t\t\t\t\t\t\t<\/div>\n\t\t\t\t<div class=\"elementor-element elementor-element-98b9daa elementor-widget elementor-widget-text-editor\" data-id=\"98b9daa\" data-element_type=\"widget\" data-e-type=\"widget\" data-widget_type=\"text-editor.default\">\n\t\t\t\t\t\t\t\t\t<p>By registering, you confirm that you accept our terms and conditions.<\/p>\t\t\t\t\t\t\t\t<\/div>\n\t\t\t\t<\/div>\n\t\t\t\t\t<\/div>\n\t\t\t\t<\/div>\n\t\t\t\t<\/div>","protected":false},"excerpt":{"rendered":"<p>D\u00e9couvrez l&rsquo;univers vibrant de la couleur et de la mati\u00e8re. La couleur n\u2019illustre pas, elle s\u2019impose ici. Chaque \u0153uvre est le fruit d&rsquo;une recherche minutieuse, refl\u00e9tant mes \u00e9motions et mon lien avec l&rsquo;environnement. Des toiles o\u00f9 chaque couleur raconte sa puissance Bienvenue dans un monde artistique, o\u00f9 la couleur et la mati\u00e8re s&rsquo;entrelacent pour raconter&hellip;&nbsp;<\/p>","protected":false},"author":1,"featured_media":0,"parent":0,"menu_order":0,"comment_status":"closed","ping_status":"closed","template":"elementor_header_footer","meta":{"_eb_attr":"","neve_meta_sidebar":"","neve_meta_container":"","neve_meta_enable_content_width":"","neve_meta_content_width":0,"neve_meta_title_alignment":"","neve_meta_author_avatar":"","neve_post_elements_order":"","neve_meta_disable_header":"","neve_meta_disable_footer":"","neve_meta_disable_title":"","footnotes":""},"class_list":["post-76","page","type-page","status-publish","hentry"],"_links":{"self":[{"href":"https:\/\/www.delvaux-paints.com\/en\/wp-json\/wp\/v2\/pages\/76","targetHints":{"allow":["GET"]}}],"collection":[{"href":"https:\/\/www.delvaux-paints.com\/en\/wp-json\/wp\/v2\/pages"}],"about":[{"href":"https:\/\/www.delvaux-paints.com\/en\/wp-json\/wp\/v2\/types\/page"}],"author":[{"embeddable":true,"href":"https:\/\/www.delvaux-paints.com\/en\/wp-json\/wp\/v2\/users\/1"}],"replies":[{"embeddable":true,"href":"https:\/\/www.delvaux-paints.com\/en\/wp-json\/wp\/v2\/comments?post=76"}],"version-history":[{"count":61,"href":"https:\/\/www.delvaux-paints.com\/en\/wp-json\/wp\/v2\/pages\/76\/revisions"}],"predecessor-version":[{"id":447,"href":"https:\/\/www.delvaux-paints.com\/en\/wp-json\/wp\/v2\/pages\/76\/revisions\/447"}],"wp:attachment":[{"href":"https:\/\/www.delvaux-paints.com\/en\/wp-json\/wp\/v2\/media?parent=76"}],"curies":[{"name":"wp","href":"https:\/\/api.w.org\/{rel}","templated":true}]}}